{"id":38,"date":"2024-02-12T17:44:43","date_gmt":"2024-02-12T16:44:43","guid":{"rendered":"https:\/\/agence-antares.fr\/?page_id=38"},"modified":"2024-03-18T17:59:58","modified_gmt":"2024-03-18T16:59:58","slug":"reglementation","status":"publish","type":"page","link":"https:\/\/agence-antares.fr\/index.php\/reglementation\/","title":{"rendered":"R\u00e9glementation"},"content":{"rendered":"\n<p><strong>Textes de loi<\/strong><\/p>\n\n\n\n<p class=\"has-theme-palette-1-color has-theme-palette-3-background-color has-text-color has-background has-link-color wp-elements-e3a114a521b98cd1571cb564e39752d4\"><strong>Art 621-1 du code de la s\u00e9curit\u00e9 int\u00e9rieure :<\/strong>&nbsp;\u00ab Est soumise aux dispositions du pr\u00e9sent titre la profession lib\u00e9rale qui consiste, pour une personne, \u00e0 recueillir, m\u00eame sans faire \u00e9tat de sa qualit\u00e9 ni r\u00e9v\u00e9ler l\u2019objet de sa mission, des informations ou renseignements destin\u00e9s \u00e0 des tiers, en vue de la d\u00e9fense de leurs int\u00e9r\u00eats. \u00bb<\/p>\n\n\n\n<p class=\"has-theme-palette-3-background-color has-background\"><strong>Art R631-29 du code de la s\u00e9curit\u00e9 int\u00e9rieure :<\/strong>&nbsp;\u00ab&nbsp;Pr\u00e9vention du conflit d\u2019int\u00e9r\u00eats.<br>Les personnes physiques ou morales exer\u00e7ant des activit\u00e9s de recherches priv\u00e9es ne peuvent \u00eatre le prestataire de plus d\u2019un client ou mandant dans une m\u00eame affaire s\u2019il y a conflit ou risque s\u00e9rieux de conflit entre les int\u00e9r\u00eats de ses clients ou mandants.<br>Elles s\u2019interdisent de s\u2019occuper des affaires de tous les clients ou mandants concern\u00e9s lorsque surgit un conflit d\u2019int\u00e9r\u00eats, lorsque le secret professionnel risque d\u2019\u00eatre viol\u00e9 ou lorsque leur ind\u00e9pendance risque de ne plus \u00eatre enti\u00e8re.<br>Elles ne peuvent accepter une mission confi\u00e9e par un nouveau client ou mandant si le secret des informations donn\u00e9es par un ancien client ou mandant risque d\u2019\u00eatre viol\u00e9 ou lorsque la connaissance des affaires de ce dernier favoriserait le nouveau client ou mandant.<br>Lorsque des agents de recherches priv\u00e9es exer\u00e7ant \u00e0 titre individuel sont membres d\u2019un groupement d\u2019exercice ou mettent en commun des moyens, les dispositions des trois alin\u00e9as pr\u00e9c\u00e9dents sont applicables \u00e0 ce groupement dans son ensemble et \u00e0 tous ses membres.&nbsp;\u00bb<\/p>\n\n\n\n<p class=\"has-theme-palette-3-background-color has-background\"><strong>Art 226-13 du code p\u00e9nal :<\/strong> \u00ab&nbsp;La r\u00e9v\u00e9lation d\u2019une information \u00e0 caract\u00e8re secret par une personne qui en est d\u00e9positaire soit par \u00e9tat ou par profession, soit en raison d\u2019une fonction ou d\u2019une mission temporaire, est punie d\u2019un an d\u2019emprisonnement et de 15 000 euros d\u2019amende.&nbsp;\u00bb<\/p>\n\n\n\n<p><\/p>\n","protected":false},"excerpt":{"rendered":"<p>Textes de loi Art 621-1 du code de la s\u00e9curit\u00e9 int\u00e9rieure :&nbsp;\u00ab Est soumise aux dispositions du pr\u00e9sent titre la profession lib\u00e9rale qui consiste, pour une personne, \u00e0 recueillir, m\u00eame sans faire \u00e9tat de sa qualit\u00e9 ni r\u00e9v\u00e9ler l\u2019objet de sa mission, des informations ou renseignements destin\u00e9s \u00e0 des tiers, en vue de la d\u00e9fense&#8230;<\/p>\n","protected":false},"author":1,"featured_media":0,"parent":0,"menu_order":0,"comment_status":"closed","ping_status":"closed","template":"","meta":{"_kad_post_transparent":"","_kad_post_title":"show","_kad_post_layout":"narrow","_kad_post_sidebar_id":"","_kad_post_content_style":"","_kad_post_vertical_padding":"","_kad_post_feature":"","_kad_post_feature_position":"","_kad_post_header":false,"_kad_post_footer":false,"footnotes":""},"class_list":["post-38","page","type-page","status-publish","hentry"],"_links":{"self":[{"href":"https:\/\/agence-antares.fr\/index.php\/wp-json\/wp\/v2\/pages\/38","targetHints":{"allow":["GET"]}}],"collection":[{"href":"https:\/\/agence-antares.fr\/index.php\/wp-json\/wp\/v2\/pages"}],"about":[{"href":"https:\/\/agence-antares.fr\/index.php\/wp-json\/wp\/v2\/types\/page"}],"author":[{"embeddable":true,"href":"https:\/\/agence-antares.fr\/index.php\/wp-json\/wp\/v2\/users\/1"}],"replies":[{"embeddable":true,"href":"https:\/\/agence-antares.fr\/index.php\/wp-json\/wp\/v2\/comments?post=38"}],"version-history":[{"count":7,"href":"https:\/\/agence-antares.fr\/index.php\/wp-json\/wp\/v2\/pages\/38\/revisions"}],"predecessor-version":[{"id":268,"href":"https:\/\/agence-antares.fr\/index.php\/wp-json\/wp\/v2\/pages\/38\/revisions\/268"}],"wp:attachment":[{"href":"https:\/\/agence-antares.fr\/index.php\/wp-json\/wp\/v2\/media?parent=38"}],"curies":[{"name":"wp","href":"https:\/\/api.w.org\/{rel}","templated":true}]}}