{"id":36,"date":"2024-02-12T17:44:22","date_gmt":"2024-02-12T16:44:22","guid":{"rendered":"https:\/\/agence-antares.fr\/?page_id=36"},"modified":"2024-03-18T14:43:54","modified_gmt":"2024-03-18T13:43:54","slug":"politiques-et-confidentialite","status":"publish","type":"page","link":"https:\/\/agence-antares.fr\/index.php\/politiques-et-confidentialite\/","title":{"rendered":"Politiques et confidentialit\u00e9"},"content":{"rendered":"\n<p><strong>Obligations contractuelles<\/strong><\/p>\n\n\n\n<p>\u2013 L\u2019activit\u00e9 de recherche priv\u00e9e est une activit\u00e9 r\u00e9glement\u00e9e par le Livre VI du code de la s\u00e9curit\u00e9 int\u00e9rieure \/ sous-section \u00a05 \/ Paragraphe 1 \/ Art 631-28 \u00e0 Art 621-31 , elle est de ce fait soumise \u00e0 un code de d\u00e9ontologie disponible aupr\u00e8s de l\u2019agence et que vous pouvez retrouver\u00a0sur le site.<\/p>\n\n\n\n<p>\u2013 L\u2019activit\u00e9 d\u2019enqu\u00eateur de droit priv\u00e9 implique vis \u00e0 vis de son mandant une obligation de moyen, mais pas d\u2019obligation de r\u00e9sultat.<\/p>\n\n\n\n<p>\u2013 L\u2019acceptation du mandat par Agence Antares est soumis \u00e0 un examen de l\u00e9gitimit\u00e9 et de la l\u00e9galit\u00e9 de l\u2019enqu\u00eate. S\u2019il apparait que celle-ci est ill\u00e9gitime ou ill\u00e9gale, il en retourne de la responsabilit\u00e9 de l\u2019agence d\u2019avertir le mandant des risques et des peines susceptibles d\u2019\u00eatre encourues par la demande.<\/p>\n\n\n\n<p><strong>Politique de confidentialit\u00e9<\/strong><\/p>\n\n\n\n<p><strong>Traitement de vos donn\u00e9es<\/strong><\/p>\n\n\n\n<p>\u2013 Les informations recueillies sur ce formulaire sont enregistr\u00e9es dans un fichier informatis\u00e9 par l\u2019administrateur informatique d\u2019Agence Antares en la personne de son directeur des op\u00e9rations, joignable par mail : antares.agence@gmail.com, responsable du traitement pour\u00a0raisons de s\u00e9curit\u00e9, ainsi qu\u2019\u00e0 des fins administratives et l\u00e9gales. La base l\u00e9gale du traitement repose sur l\u2019\u00e9tablissement du contrat de mandat.<\/p>\n\n\n\n<p>\u2013 Les donn\u00e9es collect\u00e9es seront communiqu\u00e9es aux seuls destinataires suivants : directeur des op\u00e9rations, directeur g\u00e9n\u00e9ral, enqu\u00eateurs agr\u00e9\u00e9s soumis au secret professionnel et ayant \u00e0 en connaitre.<\/p>\n\n\n\n<p>\u2013 Les donn\u00e9es sont conserv\u00e9es pendant 5 ans, conform\u00e9ment \u00e0 l\u2019article &nbsp;6 de la loi Informatique et Libert\u00e9s de janvier 1978.&nbsp;<a href=\"https:\/\/www.lagbd.org\/index.php\/RGPD_(R%C3%A8glement_g%C3%A9n%C3%A9ral_sur_la_protection_des_donn%C3%A9es)_:_pendant_quelle_dur%C3%A9e_conserver_les_donn%C3%A9es_personnelles_%3F_(eu)#cite_note-2\"><sup>[1]<\/sup><\/a><\/p>\n\n\n\n<p>\u2013 En cochant la case \u00ab&nbsp;J\u2019ai lu et accepte la politique de confidentialit\u00e9&nbsp;\u00bb, vous acceptez les termes cit\u00e9s sur cette page, concernant le traitement de vos donn\u00e9es, ainsi que les obligations contractuelles.<\/p>\n\n\n\n<p><strong>Les droits que vous avez sur vos donn\u00e9es<\/strong><\/p>\n\n\n\n<p>Si vous avez utilis\u00e9 le formulaire de contact, vous pouvez demander \u00e0 recevoir un fichier contenant toutes les donn\u00e9es personnelles que nous poss\u00e9dons \u00e0 votre sujet, incluant celles que vous nous avez fournies. Vous pouvez \u00e9galement demander la suppression ou modification des donn\u00e9es personnelles vous concernant. Cela ne prend pas en compte les donn\u00e9es stock\u00e9es \u00e0 des fins administratives, l\u00e9gales ou pour des raisons de s\u00e9curit\u00e9.<\/p>\n\n\n\n<p>Consultez le site<a href=\"https:\/\/www.cnil.fr\/professionnel\">&nbsp;cnil.fr<\/a>&nbsp;pour plus d\u2019informations sur vos droits.<\/p>\n\n\n\n<p>Pour exercer ces droits ou pour toute question sur le traitement de vos donn\u00e9es dans ce dispositif, vous pouvez contacter&nbsp;notre d\u00e9l\u00e9gu\u00e9 \u00e0 la protection des donn\u00e9es :<\/p>\n\n\n\n<p>Antares.agence@gmail.com<\/p>\n\n\n\n<p>\u2013 Si vous estimez, apr\u00e8s nous avoir contact\u00e9, que vos droits \u00ab&nbsp;Informatique et Libert\u00e9s&nbsp;\u00bb ne sont pas respect\u00e9s, vous pouvez adresser une r\u00e9clamation \u00e0 la CNIL.<\/p>\n\n\n\n<p><strong>Cookies<\/strong><\/p>\n\n\n\n<p>\u2013 Pour une utilisation optimale, le site\u00a0<strong><em>www.agence-antares.fr<\/em><\/strong>\u00a0utilise des fichiers appel\u00e9s \u00ab cookies \u00bb.\u00a0<\/p>\n\n\n\n<p>\u2013 Un cookie est un fichier texte stock\u00e9 par le navigateur. Celui-ci va lui permettre de conserver et transmettre des donn\u00e9es relatives \u00e0 la navigation, entre les pages internet et les sessions de navigation.<\/p>\n\n\n\n<p>\u2013 Ce site n\u2019utilise que des cookies fonctionnels.<\/p>\n\n\n\n<p>\u2013 Vous pouvez vous rendre sur le site de la CNIL pour&nbsp;<a href=\"https:\/\/www.cnil.fr\/fr\/cookies-les-outils-pour-les-maitriser\" target=\"_blank\" rel=\"noreferrer noopener\">obtenir des informations compl\u00e9mentaires sur les cookies<\/a>.&nbsp;https:\/\/www.cnil.fr<\/p>\n\n\n\n<p><strong>Contenu embarqu\u00e9 depuis d\u2019autres sites<\/strong><\/p>\n\n\n\n<p>\u2013 Les articles de ce site peuvent inclure des contenus int\u00e9gr\u00e9s (par exemple des vid\u00e9os, images, articles\u2026). Le contenu int\u00e9gr\u00e9 depuis d\u2019autres sites se comporte de la m\u00eame mani\u00e8re que si le visiteur se rendait sur cet autre site.<\/p>\n\n\n\n<p>\u2013 Ces sites web pourraient collecter des donn\u00e9es sur vous, utiliser des cookies, embarquer des outils de suivis tiers, suivre vos interactions avec ces contenus embarqu\u00e9s si vous disposez d\u2019un compte connect\u00e9 sur leur site web.<\/p>\n","protected":false},"excerpt":{"rendered":"<p>Obligations contractuelles \u2013 L\u2019activit\u00e9 de recherche priv\u00e9e est une activit\u00e9 r\u00e9glement\u00e9e par le Livre VI du code de la s\u00e9curit\u00e9 int\u00e9rieure \/ sous-section \u00a05 \/ Paragraphe 1 \/ Art 631-28 \u00e0 Art 621-31 , elle est de ce fait soumise \u00e0 un code de d\u00e9ontologie disponible aupr\u00e8s de l\u2019agence et que vous pouvez retrouver\u00a0sur le&#8230;<\/p>\n","protected":false},"author":1,"featured_media":0,"parent":0,"menu_order":0,"comment_status":"closed","ping_status":"closed","template":"","meta":{"_kad_post_transparent":"default","_kad_post_title":"show","_kad_post_layout":"fullwidth","_kad_post_sidebar_id":"","_kad_post_content_style":"boxed","_kad_post_vertical_padding":"show","_kad_post_feature":"","_kad_post_feature_position":"","_kad_post_header":false,"_kad_post_footer":false,"footnotes":""},"class_list":["post-36","page","type-page","status-publish","hentry"],"_links":{"self":[{"href":"https:\/\/agence-antares.fr\/index.php\/wp-json\/wp\/v2\/pages\/36","targetHints":{"allow":["GET"]}}],"collection":[{"href":"https:\/\/agence-antares.fr\/index.php\/wp-json\/wp\/v2\/pages"}],"about":[{"href":"https:\/\/agence-antares.fr\/index.php\/wp-json\/wp\/v2\/types\/page"}],"author":[{"embeddable":true,"href":"https:\/\/agence-antares.fr\/index.php\/wp-json\/wp\/v2\/users\/1"}],"replies":[{"embeddable":true,"href":"https:\/\/agence-antares.fr\/index.php\/wp-json\/wp\/v2\/comments?post=36"}],"version-history":[{"count":3,"href":"https:\/\/agence-antares.fr\/index.php\/wp-json\/wp\/v2\/pages\/36\/revisions"}],"predecessor-version":[{"id":68,"href":"https:\/\/agence-antares.fr\/index.php\/wp-json\/wp\/v2\/pages\/36\/revisions\/68"}],"wp:attachment":[{"href":"https:\/\/agence-antares.fr\/index.php\/wp-json\/wp\/v2\/media?parent=36"}],"curies":[{"name":"wp","href":"https:\/\/api.w.org\/{rel}","templated":true}]}}