{"id":34,"date":"2024-02-12T17:43:48","date_gmt":"2024-02-12T16:43:48","guid":{"rendered":"https:\/\/agence-antares.fr\/?page_id=34"},"modified":"2024-12-17T01:36:49","modified_gmt":"2024-12-17T00:36:49","slug":"mentions-legales","status":"publish","type":"page","link":"https:\/\/agence-antares.fr\/index.php\/mentions-legales\/","title":{"rendered":"Mentions l\u00e9gales"},"content":{"rendered":"\n<p class=\"has-text-align-center\"><strong>Mentions l\u00e9gales<\/strong><\/p>\n\n\n\n<p class=\"has-text-align-center\"><strong><u>Propri\u00e9taire du site Internet :<\/u><\/strong><strong><\/strong><\/p>\n\n\n\n<p class=\"has-text-align-center\"><strong><em>AGENCE ANTARES<\/em><\/strong><strong> est une micro-entreprise, \u00a0domicili\u00e9e 13 rue de la Boudronn\u00e9e, 21000 Dijon.\u00a0<\/strong><\/p>\n\n\n\n<p class=\"has-text-align-center\"><strong>Num\u00e9ro de SIRET (si\u00e8ge) : 980&nbsp;639&nbsp;363&nbsp;000 12<\/strong><strong><\/strong><\/p>\n\n\n\n<p class=\"has-text-align-center\"><strong>Num\u00e9ro de t\u00e9l\u00e9phone :&nbsp;<\/strong><strong><em>06 50 21 60 42<\/em><\/strong><strong><\/strong><\/p>\n\n\n\n<p class=\"has-text-align-center\"><strong>Adresse de courrier \u00e9lectronique :&nbsp;<\/strong><strong>antares.agence<\/strong><strong><em>@gmail.com<\/em><\/strong><strong><\/strong><\/p>\n\n\n\n<p class=\"has-text-align-center\"><strong>Directeur \/ responsable de la r\u00e9daction :&nbsp;<em>S\u00e9bastien BOVET<\/em>.<\/strong><strong><\/strong><\/p>\n\n\n\n<p><strong>Les \u0153uvres typographiques ou illustrations de toutes origines, pr\u00e9sentes sur le site Internet d\u2019Agence Antares&nbsp;ou d\u00e9livr\u00e9es sous quelque forme que ce soit par Agence Antares constituent des cr\u00e9ations graphiques originales prot\u00e9g\u00e9es par la loi n\u00b092-597 du 01-07-92 relative au code de la propri\u00e9t\u00e9 intellectuelle. Elles demeurent la propri\u00e9t\u00e9 morale et physique de Agence Antares.<\/strong><strong>\u2028<\/strong><strong> Elles ne peuvent \u00eatre utilis\u00e9es, reproduites, repr\u00e9sent\u00e9es, interpr\u00e9t\u00e9es ou copi\u00e9es, en tout ou partie, sous quelque forme, par tout proc\u00e9d\u00e9 existant ou \u00e0 venir, et en quelque lieu que ce soit, sans l\u2019accord \u00e9crit pr\u00e9alable de son directeur de la publication. Les photographies pr\u00e9sentes sur \u00ab&nbsp;agence-antares.fr&nbsp;\u00bb, ou d\u00e9livr\u00e9es sous quelque forme que ce soit par Agence Antares constituent des cr\u00e9ations graphiques originales prot\u00e9g\u00e9es par la loi n\u00b0 92-597 du 1er juillet 1992, relative au code de la propri\u00e9t\u00e9 intellectuelle. Elles demeurent la propri\u00e9t\u00e9 morale et physique d\u2019Agence Antares. Elles ne peuvent \u00eatre reproduites, repr\u00e9sent\u00e9es, interpr\u00e9t\u00e9es ou copi\u00e9es, tout ou partie, sous quelque forme, par tout proc\u00e9d\u00e9 existant ou \u00e0 venir, et en quelque lieu que ce soit, sans l\u2019accord \u00e9crit&nbsp;<\/strong><strong>pr\u00e9alable du directeur de la publication d\u2019Agence Antares. Toute utilisation qui pourrait \u00eatre pr\u00e9judiciable \u00e0 l\u2019auteur, et\/ou aux tiers repr\u00e9sent\u00e9s, et\/ou \u00e0 Agence Antares est interdite. Les contrevenants seront poursuivis, sans pr\u00e9judice de tout autre recours. Les informations contenues dans ce site sont non contractuelles. Le directeur de la publication d\u2019Agence Antares se r\u00e9serve le droit de modifier les caract\u00e9ristiques sans pr\u00e9avis.<\/strong><\/p>\n\n\n\n<p><strong>RGPD :<\/strong><\/p>\n\n\n\n<p><strong>Les&nbsp;informations&nbsp;recueillies ont pour but de traiter votre demande et ne sont pas&nbsp;destin\u00e9es&nbsp;\u00e0 \u00eatre transmises \u00e0 des tiers, ni utilis\u00e9es \u00e0 des fins de marketing commercial. Conform\u00e9ment au r\u00e8glement n\u00b02016\/679, dit \u00ab&nbsp;R\u00e8glement G\u00e9n\u00e9ral sur la Protection des Donn\u00e9es&nbsp;\u00bb (RGPD), vous pouvez b\u00e9n\u00e9ficier d\u2019un droit d\u2019acc\u00e8s, de modification et de suppression des donn\u00e9es vous concernant en adressant une demande sur l\u2019adresse : antares.agence@gmail.com.<\/strong><\/p>\n\n\n\n<p><strong>La Recherche Priv\u00e9e est une activit\u00e9 r\u00e9glement\u00e9e par le Livre VI du code de la S\u00e9curit\u00e9 Int\u00e9rieure, et de ce fait est soumise \u00e0 autorisation. Agence Antares est enregistr\u00e9 en tant que personne morale aupr\u00e8s du CNAPS sous le num\u00e9ro : AUT- 021-2123-02-05-20240902465.<\/strong><\/p>\n\n\n\n<p><strong>Ce site est h\u00e9berg\u00e9 par&nbsp;:&nbsp;<\/strong><strong>.<\/strong><strong><\/strong><\/p>\n","protected":false},"excerpt":{"rendered":"<p>Mentions l\u00e9gales Propri\u00e9taire du site Internet : AGENCE ANTARES est une micro-entreprise, \u00a0domicili\u00e9e 13 rue de la Boudronn\u00e9e, 21000 Dijon.\u00a0 Num\u00e9ro de SIRET (si\u00e8ge) : 980&nbsp;639&nbsp;363&nbsp;000 12 Num\u00e9ro de t\u00e9l\u00e9phone :&nbsp;06 50 21 60 42 Adresse de courrier \u00e9lectronique :&nbsp;antares.agence@gmail.com Directeur \/ responsable de la r\u00e9daction :&nbsp;S\u00e9bastien BOVET. Les \u0153uvres typographiques ou illustrations de toutes&#8230;<\/p>\n","protected":false},"author":1,"featured_media":0,"parent":0,"menu_order":0,"comment_status":"closed","ping_status":"closed","template":"","meta":{"_kad_post_transparent":"","_kad_post_title":"show","_kad_post_layout":"fullwidth","_kad_post_sidebar_id":"","_kad_post_content_style":"boxed","_kad_post_vertical_padding":"show","_kad_post_feature":"","_kad_post_feature_position":"","_kad_post_header":false,"_kad_post_footer":false,"footnotes":""},"class_list":["post-34","page","type-page","status-publish","hentry"],"_links":{"self":[{"href":"https:\/\/agence-antares.fr\/index.php\/wp-json\/wp\/v2\/pages\/34","targetHints":{"allow":["GET"]}}],"collection":[{"href":"https:\/\/agence-antares.fr\/index.php\/wp-json\/wp\/v2\/pages"}],"about":[{"href":"https:\/\/agence-antares.fr\/index.php\/wp-json\/wp\/v2\/types\/page"}],"author":[{"embeddable":true,"href":"https:\/\/agence-antares.fr\/index.php\/wp-json\/wp\/v2\/users\/1"}],"replies":[{"embeddable":true,"href":"https:\/\/agence-antares.fr\/index.php\/wp-json\/wp\/v2\/comments?post=34"}],"version-history":[{"count":7,"href":"https:\/\/agence-antares.fr\/index.php\/wp-json\/wp\/v2\/pages\/34\/revisions"}],"predecessor-version":[{"id":352,"href":"https:\/\/agence-antares.fr\/index.php\/wp-json\/wp\/v2\/pages\/34\/revisions\/352"}],"wp:attachment":[{"href":"https:\/\/agence-antares.fr\/index.php\/wp-json\/wp\/v2\/media?parent=34"}],"curies":[{"name":"wp","href":"https:\/\/api.w.org\/{rel}","templated":true}]}}