{"id":141,"date":"2024-03-06T09:20:13","date_gmt":"2024-03-06T08:20:13","guid":{"rendered":"https:\/\/agence-antares.fr\/?page_id=141"},"modified":"2024-03-23T12:57:38","modified_gmt":"2024-03-23T11:57:38","slug":"lassurance","status":"publish","type":"page","link":"https:\/\/agence-antares.fr\/index.php\/lassurance\/","title":{"rendered":"Les assurances"},"content":{"rendered":"\n<p class=\"has-text-align-center\"><strong>L&rsquo;Agence Antares intervient dans les dossiers d&rsquo;assurances:<\/strong><\/p>\n\n\n\n<p class=\"has-text-align-center\">Les assurances sont l\u00e0 pour nous prot\u00e9ger, \u00e0 la fois de nous mais \u00e9galement des autres. Cependant, cette protection est de plus en plus d\u00e9tourn\u00e9e et beaucoup n&rsquo;h\u00e9sites pas \u00e0 l&rsquo;utiliser comme moyen d&rsquo;enrichissement. Que cela soit intentionnel d\u00e9s le d\u00e9part, ou une opportunit\u00e9 \u00e0 saisir, les sommes en jeux sont souvent \u00e9normes. La multitude de dossier \u00e0 traiter des organismes et le besoin d&rsquo;aller vite dans le traitement de ces dossiers ne laissent pas aux assureurs le temps n\u00e9cessaire pour enqu\u00eater. <\/p>\n\n\n\n<p>L&rsquo;Agence Antares et ses investigations, vous permettront:<\/p>\n\n\n\n<ul class=\"wp-block-list\">\n<li>De d\u00e9tecter les fraudes<\/li>\n\n\n\n<li>D&rsquo;avoir la garantie d&rsquo;\u00eatre en possession de documents officiels<\/li>\n<\/ul>\n\n\n\n<p class=\"has-text-align-center\">Vous avez un doute sur l&rsquo;origine de documents ou de factures? Les d\u00e9clarations faites vous semblent suspectes et vous n&rsquo;\u00eates pas certain de leur v\u00e9racit\u00e9? <\/p>\n\n\n\n<p class=\"has-text-align-center\">Alors contactez l&rsquo;Agence Antares. Nous r\u00e9aliserons les recherches qui vous permettront d&rsquo;\u00eatre serein dans le traitement et l&rsquo;analyse de vos dossiers.  <\/p>\n\n\n<style>.wp-block-kadence-advancedbtn.kb-btns141_065970-4b{gap:var(--global-kb-gap-xs, 0.5rem );justify-content:center;align-items:center;}.kt-btns141_065970-4b .kt-button{font-weight:normal;font-style:normal;}.kt-btns141_065970-4b .kt-btn-wrap-0{margin-right:5px;}.wp-block-kadence-advancedbtn.kt-btns141_065970-4b .kt-btn-wrap-0 .kt-button{color:#555555;border-color:#555555;}.wp-block-kadence-advancedbtn.kt-btns141_065970-4b .kt-btn-wrap-0 .kt-button:hover, .wp-block-kadence-advancedbtn.kt-btns141_065970-4b .kt-btn-wrap-0 .kt-button:focus{color:#ffffff;border-color:#444444;}.wp-block-kadence-advancedbtn.kt-btns141_065970-4b .kt-btn-wrap-0 .kt-button::before{display:none;}.wp-block-kadence-advancedbtn.kt-btns141_065970-4b .kt-btn-wrap-0 .kt-button:hover, .wp-block-kadence-advancedbtn.kt-btns141_065970-4b .kt-btn-wrap-0 .kt-button:focus{background:#444444;}<\/style>\n<div class=\"wp-block-kadence-advancedbtn kb-buttons-wrap kb-btns141_065970-4b\"><style>ul.menu .wp-block-kadence-advancedbtn .kb-btn141_dafedc-04.kb-button{width:initial;}.wp-block-kadence-advancedbtn .kb-btn141_dafedc-04.kb-button{border-top:4px solid var(--global-palette1, #3182CE);border-right:4px solid var(--global-palette1, #3182CE);border-bottom:4px solid var(--global-palette1, #3182CE);border-left:4px solid var(--global-palette1, #3182CE);}@media all and (max-width: 1024px){.wp-block-kadence-advancedbtn .kb-btn141_dafedc-04.kb-button{border-top:4px solid var(--global-palette1, #3182CE);border-right:4px solid var(--global-palette1, #3182CE);border-bottom:4px solid var(--global-palette1, #3182CE);border-left:4px solid var(--global-palette1, #3182CE);}}@media all and (max-width: 767px){.wp-block-kadence-advancedbtn .kb-btn141_dafedc-04.kb-button{border-top:4px solid var(--global-palette1, #3182CE);border-right:4px solid var(--global-palette1, #3182CE);border-bottom:4px solid var(--global-palette1, #3182CE);border-left:4px solid var(--global-palette1, #3182CE);}}<\/style><a class=\"kb-button kt-button button kb-btn141_dafedc-04 kt-btn-size-standard kt-btn-width-type-auto kb-btn-global-fill kt-btn-has-text-true kt-btn-has-svg-true wp-block-kadence-singlebtn\" href=\"https:\/\/agence-antares.fr\/index.php\/contact\/\"><span class=\"kt-btn-inner-text\">Nous contacter<\/span><span class=\"kb-svg-icon-wrap kb-svg-icon-fe_mail kt-btn-icon-side-right\"><svg viewBox=\"0 0 24 24\"  fill=\"none\" stroke=\"currentColor\" stroke-width=\"2\" stroke-linecap=\"round\" stroke-linejoin=\"round\" xmlns=\"http:\/\/www.w3.org\/2000\/svg\"  aria-hidden=\"true\"><path d=\"M4 4h16c1.1 0 2 .9 2 2v12c0 1.1-.9 2-2 2H4c-1.1 0-2-.9-2-2V6c0-1.1.9-2 2-2z\"\/><polyline points=\"22,6 12,13 2,6\"\/><\/svg><\/span><\/a><\/div>\n\n\n\n<p><\/p>\n","protected":false},"excerpt":{"rendered":"<p>L&rsquo;Agence Antares intervient dans les dossiers d&rsquo;assurances: Les assurances sont l\u00e0 pour nous prot\u00e9ger, \u00e0 la fois de nous mais \u00e9galement des autres. Cependant, cette protection est de plus en plus d\u00e9tourn\u00e9e et beaucoup n&rsquo;h\u00e9sites pas \u00e0 l&rsquo;utiliser comme moyen d&rsquo;enrichissement. Que cela soit intentionnel d\u00e9s le d\u00e9part, ou une opportunit\u00e9 \u00e0 saisir, les sommes&#8230;<\/p>\n","protected":false},"author":1,"featured_media":0,"parent":0,"menu_order":0,"comment_status":"closed","ping_status":"closed","template":"","meta":{"_kad_post_transparent":"","_kad_post_title":"show","_kad_post_layout":"narrow","_kad_post_sidebar_id":"","_kad_post_content_style":"","_kad_post_vertical_padding":"","_kad_post_feature":"","_kad_post_feature_position":"","_kad_post_header":false,"_kad_post_footer":false,"footnotes":""},"class_list":["post-141","page","type-page","status-publish","hentry"],"_links":{"self":[{"href":"https:\/\/agence-antares.fr\/index.php\/wp-json\/wp\/v2\/pages\/141","targetHints":{"allow":["GET"]}}],"collection":[{"href":"https:\/\/agence-antares.fr\/index.php\/wp-json\/wp\/v2\/pages"}],"about":[{"href":"https:\/\/agence-antares.fr\/index.php\/wp-json\/wp\/v2\/types\/page"}],"author":[{"embeddable":true,"href":"https:\/\/agence-antares.fr\/index.php\/wp-json\/wp\/v2\/users\/1"}],"replies":[{"embeddable":true,"href":"https:\/\/agence-antares.fr\/index.php\/wp-json\/wp\/v2\/comments?post=141"}],"version-history":[{"count":7,"href":"https:\/\/agence-antares.fr\/index.php\/wp-json\/wp\/v2\/pages\/141\/revisions"}],"predecessor-version":[{"id":348,"href":"https:\/\/agence-antares.fr\/index.php\/wp-json\/wp\/v2\/pages\/141\/revisions\/348"}],"wp:attachment":[{"href":"https:\/\/agence-antares.fr\/index.php\/wp-json\/wp\/v2\/media?parent=141"}],"curies":[{"name":"wp","href":"https:\/\/api.w.org\/{rel}","templated":true}]}}