{"id":129,"date":"2024-03-05T11:08:52","date_gmt":"2024-03-05T10:08:52","guid":{"rendered":"https:\/\/agence-antares.fr\/?page_id=129"},"modified":"2024-03-22T10:42:40","modified_gmt":"2024-03-22T09:42:40","slug":"les-professionnels","status":"publish","type":"page","link":"https:\/\/agence-antares.fr\/index.php\/les-professionnels\/","title":{"rendered":"Les professionnels"},"content":{"rendered":"\n<p class=\"has-text-align-center\"><strong>L&rsquo;Agence Antares intervient dans diff\u00e9rents domaines professionnels comme:<\/strong><\/p>\n\n\n\n<div class=\"wp-block-columns is-layout-flex wp-container-core-columns-is-layout-9d6595d7 wp-block-columns-is-layout-flex\">\n<div class=\"wp-block-column is-layout-flow wp-block-column-is-layout-flow\">\n<p class=\"has-text-align-center\"><strong>Affaires commerciales: <\/strong><\/p>\n\n\n\n<ul class=\"wp-block-list\">\n<li>Concurrence d\u00e9loyale<\/li>\n\n\n\n<li>D\u00e9bauchage<\/li>\n\n\n\n<li>Contrefa\u00e7on<\/li>\n\n\n\n<li>D\u00e9nigrement<\/li>\n\n\n\n<li>Travail dissimul\u00e9<\/li>\n<\/ul>\n\n\n\n<ul class=\"wp-block-list\">\n<li>Vol en entreprise<\/li>\n\n\n\n<li>Coulage de marchandise<\/li>\n\n\n\n<li>Vol externe<\/li>\n<\/ul>\n\n\n\n<ul class=\"wp-block-list\">\n<li>Arnaque et escroquerie<\/li>\n<\/ul>\n<\/div>\n\n\n\n<div class=\"wp-block-column is-layout-flow wp-block-column-is-layout-flow\">\n<figure class=\"wp-block-image size-large\"><img loading=\"lazy\" decoding=\"async\" width=\"1024\" height=\"683\" src=\"https:\/\/agence-antares.fr\/wp-content\/uploads\/2024\/03\/Etude-du-dossier-1024x683.jpg\" alt=\"\" class=\"wp-image-132\" srcset=\"https:\/\/agence-antares.fr\/wp-content\/uploads\/2024\/03\/Etude-du-dossier-1024x683.jpg 1024w, https:\/\/agence-antares.fr\/wp-content\/uploads\/2024\/03\/Etude-du-dossier-300x200.jpg 300w, https:\/\/agence-antares.fr\/wp-content\/uploads\/2024\/03\/Etude-du-dossier-768x512.jpg 768w, https:\/\/agence-antares.fr\/wp-content\/uploads\/2024\/03\/Etude-du-dossier-1536x1024.jpg 1536w, https:\/\/agence-antares.fr\/wp-content\/uploads\/2024\/03\/Etude-du-dossier-2048x1365.jpg 2048w\" sizes=\"auto, (max-width: 1024px) 100vw, 1024px\" \/><\/figure>\n<\/div>\n\n\n\n<div class=\"wp-block-column is-layout-flow wp-block-column-is-layout-flow\">\n<p class=\"has-text-align-center\"><strong>Affaires prudhommales: <\/strong><\/p>\n\n\n\n<ul class=\"wp-block-list\">\n<li>Arr\u00eat maladie abusif<\/li>\n\n\n\n<li>V\u00e9rification de travail terrain<\/li>\n\n\n\n<li>Client myst\u00e8re + test de loyaut\u00e9<\/li>\n\n\n\n<li>Clause de non-concurrence<\/li>\n\n\n\n<li>Divulgation de secret professionnel<\/li>\n<\/ul>\n\n\n\n<p class=\"has-text-align-center\"><strong>Enqu\u00eate de moralit\u00e9:<\/strong><\/p>\n\n\n\n<ul class=\"wp-block-list\">\n<li>V\u00e9rification de CV et de moralit\u00e9<\/li>\n<\/ul>\n<\/div>\n<\/div>\n\n\n\n<p class=\"has-text-align-center\">Nos enqu\u00eateurs priv\u00e9s effectuent les recherches de renseignements et d&rsquo;informations dont vous avez besoin pour la d\u00e9fense de vos droits et int\u00e9r\u00eats.<\/p>\n\n\n\n<p class=\"has-text-align-center\"><strong>Nous nous engageons \u00e0 vous donner des conseils personnalis\u00e9s dans une totale discr\u00e9tion. <\/strong><\/p>\n\n\n<style>.wp-block-kadence-advancedbtn.kb-btns129_b714df-f5{gap:var(--global-kb-gap-xs, 0.5rem );justify-content:center;align-items:center;}.kt-btns129_b714df-f5 .kt-button{font-weight:normal;font-style:normal;}.kt-btns129_b714df-f5 .kt-btn-wrap-0{margin-right:5px;}.wp-block-kadence-advancedbtn.kt-btns129_b714df-f5 .kt-btn-wrap-0 .kt-button{color:#555555;border-color:#555555;}.wp-block-kadence-advancedbtn.kt-btns129_b714df-f5 .kt-btn-wrap-0 .kt-button:hover, .wp-block-kadence-advancedbtn.kt-btns129_b714df-f5 .kt-btn-wrap-0 .kt-button:focus{color:#ffffff;border-color:#444444;}.wp-block-kadence-advancedbtn.kt-btns129_b714df-f5 .kt-btn-wrap-0 .kt-button::before{display:none;}.wp-block-kadence-advancedbtn.kt-btns129_b714df-f5 .kt-btn-wrap-0 .kt-button:hover, .wp-block-kadence-advancedbtn.kt-btns129_b714df-f5 .kt-btn-wrap-0 .kt-button:focus{background:#444444;}<\/style>\n<div class=\"wp-block-kadence-advancedbtn kb-buttons-wrap kb-btns129_b714df-f5\"><style>ul.menu .wp-block-kadence-advancedbtn .kb-btn129_88f27b-3d.kb-button{width:initial;}.wp-block-kadence-advancedbtn .kb-btn129_88f27b-3d.kb-button{border-top:4px solid var(--global-palette1, #3182CE);border-right:4px solid var(--global-palette1, #3182CE);border-bottom:4px solid var(--global-palette1, #3182CE);border-left:4px solid var(--global-palette1, #3182CE);}@media all and (max-width: 1024px){.wp-block-kadence-advancedbtn .kb-btn129_88f27b-3d.kb-button{border-top:4px solid var(--global-palette1, #3182CE);border-right:4px solid var(--global-palette1, #3182CE);border-bottom:4px solid var(--global-palette1, #3182CE);border-left:4px solid var(--global-palette1, #3182CE);}}@media all and (max-width: 767px){.wp-block-kadence-advancedbtn .kb-btn129_88f27b-3d.kb-button{border-top:4px solid var(--global-palette1, #3182CE);border-right:4px solid var(--global-palette1, #3182CE);border-bottom:4px solid var(--global-palette1, #3182CE);border-left:4px solid var(--global-palette1, #3182CE);}}<\/style><a class=\"kb-button kt-button button kb-btn129_88f27b-3d kt-btn-size-standard kt-btn-width-type-auto kb-btn-global-fill kt-btn-has-text-true kt-btn-has-svg-true wp-block-kadence-singlebtn\" href=\"https:\/\/agence-antares.fr\/index.php\/contact\/\"><span class=\"kt-btn-inner-text\">Nous contacter<\/span><span class=\"kb-svg-icon-wrap kb-svg-icon-fe_mail kt-btn-icon-side-right\"><svg viewBox=\"0 0 24 24\"  fill=\"none\" stroke=\"currentColor\" stroke-width=\"2\" stroke-linecap=\"round\" stroke-linejoin=\"round\" xmlns=\"http:\/\/www.w3.org\/2000\/svg\"  aria-hidden=\"true\"><path d=\"M4 4h16c1.1 0 2 .9 2 2v12c0 1.1-.9 2-2 2H4c-1.1 0-2-.9-2-2V6c0-1.1.9-2 2-2z\"\/><polyline points=\"22,6 12,13 2,6\"\/><\/svg><\/span><\/a><\/div>\n\n\n\n<p><\/p>\n","protected":false},"excerpt":{"rendered":"<p>L&rsquo;Agence Antares intervient dans diff\u00e9rents domaines professionnels comme: Affaires commerciales: Affaires prudhommales: Enqu\u00eate de moralit\u00e9: Nos enqu\u00eateurs priv\u00e9s effectuent les recherches de renseignements et d&rsquo;informations dont vous avez besoin pour la d\u00e9fense de vos droits et int\u00e9r\u00eats. Nous nous engageons \u00e0 vous donner des conseils personnalis\u00e9s dans une totale discr\u00e9tion.<\/p>\n","protected":false},"author":1,"featured_media":0,"parent":0,"menu_order":0,"comment_status":"closed","ping_status":"closed","template":"","meta":{"_kad_post_transparent":"","_kad_post_title":"show","_kad_post_layout":"narrow","_kad_post_sidebar_id":"","_kad_post_content_style":"","_kad_post_vertical_padding":"","_kad_post_feature":"","_kad_post_feature_position":"","_kad_post_header":false,"_kad_post_footer":false,"footnotes":""},"class_list":["post-129","page","type-page","status-publish","hentry"],"_links":{"self":[{"href":"https:\/\/agence-antares.fr\/index.php\/wp-json\/wp\/v2\/pages\/129","targetHints":{"allow":["GET"]}}],"collection":[{"href":"https:\/\/agence-antares.fr\/index.php\/wp-json\/wp\/v2\/pages"}],"about":[{"href":"https:\/\/agence-antares.fr\/index.php\/wp-json\/wp\/v2\/types\/page"}],"author":[{"embeddable":true,"href":"https:\/\/agence-antares.fr\/index.php\/wp-json\/wp\/v2\/users\/1"}],"replies":[{"embeddable":true,"href":"https:\/\/agence-antares.fr\/index.php\/wp-json\/wp\/v2\/comments?post=129"}],"version-history":[{"count":8,"href":"https:\/\/agence-antares.fr\/index.php\/wp-json\/wp\/v2\/pages\/129\/revisions"}],"predecessor-version":[{"id":326,"href":"https:\/\/agence-antares.fr\/index.php\/wp-json\/wp\/v2\/pages\/129\/revisions\/326"}],"wp:attachment":[{"href":"https:\/\/agence-antares.fr\/index.php\/wp-json\/wp\/v2\/media?parent=129"}],"curies":[{"name":"wp","href":"https:\/\/api.w.org\/{rel}","templated":true}]}}